{"id":1386,"date":"2016-03-09T17:42:14","date_gmt":"2016-03-09T16:42:14","guid":{"rendered":"http:\/\/pieknyumysl.com\/wp\/?page_id=1386"},"modified":"2018-12-16T20:17:10","modified_gmt":"2018-12-16T19:17:10","slug":"tratata","status":"publish","type":"page","link":"https:\/\/web.puczat.pl\/wp\/blogs\/tratata\/","title":{"rendered":"Tratata"},"content":{"rendered":"<p style=\"text-align: justify;\"><img decoding=\"async\" data-attachment-id=\"1389\" data-permalink=\"https:\/\/web.puczat.pl\/wp\/blogs\/tratata\/1-kreuzer-1816-o_1_19892802c74c348789l\/\" data-orig-file=\"https:\/\/web.puczat.pl\/wp\/wp-content\/uploads\/2016\/03\/1-kreuzer-1816-o_1_19892802c74c348789L.jpg\" data-orig-size=\"1400,1446\" data-comments-opened=\"1\" data-image-meta=\"{&quot;aperture&quot;:&quot;0&quot;,&quot;credit&quot;:&quot;&quot;,&quot;camera&quot;:&quot;&quot;,&quot;caption&quot;:&quot;&quot;,&quot;created_timestamp&quot;:&quot;0&quot;,&quot;copyright&quot;:&quot;&quot;,&quot;focal_length&quot;:&quot;0&quot;,&quot;iso&quot;:&quot;0&quot;,&quot;shutter_speed&quot;:&quot;0&quot;,&quot;title&quot;:&quot;&quot;,&quot;orientation&quot;:&quot;0&quot;}\" data-image-title=\"1-kreuzer-1816-o_1_19892802c74c348789L\" data-image-description=\"\" data-image-caption=\"\" data-medium-file=\"https:\/\/web.puczat.pl\/wp\/wp-content\/uploads\/2016\/03\/1-kreuzer-1816-o_1_19892802c74c348789L-290x300.jpg\" data-large-file=\"https:\/\/web.puczat.pl\/wp\/wp-content\/uploads\/2016\/03\/1-kreuzer-1816-o_1_19892802c74c348789L-991x1024.jpg\" class=\"aligncenter wp-image-1389 size-medium\" src=\"https:\/\/web.puczat.pl\/wp\/wp-content\/uploads\/2016\/03\/1-kreuzer-1816-o_1_19892802c74c348789L-290x300.jpg\" alt=\"1-kreuzer-1816-o_1_19892802c74c348789L\" width=\"290\" height=\"300\" srcset=\"https:\/\/web.puczat.pl\/wp\/wp-content\/uploads\/2016\/03\/1-kreuzer-1816-o_1_19892802c74c348789L-290x300.jpg 290w, https:\/\/web.puczat.pl\/wp\/wp-content\/uploads\/2016\/03\/1-kreuzer-1816-o_1_19892802c74c348789L-768x793.jpg 768w, https:\/\/web.puczat.pl\/wp\/wp-content\/uploads\/2016\/03\/1-kreuzer-1816-o_1_19892802c74c348789L-991x1024.jpg 991w, https:\/\/web.puczat.pl\/wp\/wp-content\/uploads\/2016\/03\/1-kreuzer-1816-o_1_19892802c74c348789L.jpg 1400w\" sizes=\"(max-width: 290px) 100vw, 290px\" \/><\/p>\n<p style=\"text-align: justify;\">Od dziecka by\u0142 zmuszany do gry&#8230; Gdy nie chcia\u0142 czego\u015b gra\u0107 zamyka\u0142 si\u0119 w toalecie i tam zamiast muzyki klasycznej w swojej g\u0142owie tworzy\u0142 co\u015b bardziej nowatorkiego i nowoczesnego.<\/p>\n<p style=\"text-align: justify;\">Kiedy\u015b pewien nauczyciel powiedzia\u0142 mu, \u017ce ma taki talent: \u017ce albo oszaleje albo stanie si\u0119 wielkim artyst\u0105&#8230;<\/p>\n<p style=\"text-align: justify;\">Narazie oszala\u0142, ale kto wie, mo\u017ce zostanie r\u00f3wnie\u017c wielkim artyst\u0105&#8230;<\/p>\n<p style=\"text-align: justify;\">Poznajcie talent naszego kolegi Kreuzer&#8217;a<\/p>\n<p>https:\/\/soundcloud.com\/mdbinarny\/<\/p>\n","protected":false},"excerpt":{"rendered":"<p>Od dziecka by\u0142 zmuszany do gry&#8230; Gdy nie chcia\u0142 czego\u015b gra\u0107 zamyka\u0142 si\u0119 w toalecie i tam zamiast muzyki klasycznej w swojej g\u0142owie tworzy\u0142 co\u015b bardziej nowatorkiego i nowoczesnego. Kiedy\u015b  [&#8230;]<\/p>\n","protected":false},"author":1,"featured_media":2830,"parent":275,"menu_order":0,"comment_status":"open","ping_status":"open","template":"","meta":{"jetpack_post_was_ever_published":false,"footnotes":""},"class_list":["post-1386","page","type-page","status-publish","has-post-thumbnail","hentry"],"aioseo_notices":[],"jetpack_shortlink":"https:\/\/wp.me\/P4SiUq-mm","jetpack-related-posts":[{"id":275,"url":"https:\/\/web.puczat.pl\/wp\/blogs\/","url_meta":{"origin":1386,"position":0},"title":"Blogs","author":"miles","date":"19 lipca 2014","format":false,"excerpt":"[autor grafiki: szelest] Nasza strefa blog\u00f3w to swoista wirtualna galeria po pracach naszych u\u017cytkownik\u00f3w, kt\u00f3rzy pomimo choroby psychicznej hobbistycznie lub zawodowo pokazuj\u0105, \u017ce Mo\u017cna - z du\u017cej litery - pomimo choroby. Zapraszam na salony naszej galerii. Je\u017celi chcesz opublikowa\u0107 co\u015b na naszej stronie, napisz do nas..., z ch\u0119ci\u0105 to uczynimy,\u2026","rel":"","context":"Podobny wpis","block_context":{"text":"Podobny wpis","link":""},"img":{"alt_text":"","src":"https:\/\/i0.wp.com\/web.puczat.pl\/wp\/wp-content\/uploads\/2020\/09\/pucom-naszeblogi-szelll-600x509.jpg?resize=350%2C200&ssl=1","width":350,"height":200,"srcset":"https:\/\/i0.wp.com\/web.puczat.pl\/wp\/wp-content\/uploads\/2020\/09\/pucom-naszeblogi-szelll-600x509.jpg?resize=350%2C200&ssl=1 1x, https:\/\/i0.wp.com\/web.puczat.pl\/wp\/wp-content\/uploads\/2020\/09\/pucom-naszeblogi-szelll-600x509.jpg?resize=525%2C300&ssl=1 1.5x"},"classes":[]},{"id":292,"url":"https:\/\/web.puczat.pl\/wp\/czytelnia\/evot\/kartoteka-2014-001\/","url_meta":{"origin":1386,"position":1},"title":"Zaczerpni\u0119te z EVOTu &#8211; kartoteka 2014\/001","author":"miles","date":"19 lipca 2014","format":false,"excerpt":"[\u017ar\u00f3d\u0142o: \u00a0http:\/\/www.annaburek.com] \u00a0CZAD TO CHOROBA NIENAWI\u015aCI... Napisane:\u00a0Cz lut 06, 2014 8:08 pm\u00a0 \"Chad to choroba nienawi\u015bci... na przemian z kr\u00f3tk\u0105 dobroci\u0105, ale na to wszystko sk\u0142ada si\u0119 sytuacja i\u00a0\u015brodowisko w jakim \u017cyjesz, i najcz\u0119\u015bciej to jeste\u015b przeciw najbli\u017cszej osobie,(i nawet chcesz dobrze i kochasz...) u\u017cywasz wobec niej niecenzuralnych s\u0142\u00f3w, krzywdzisz,\u2026","rel":"","context":"Podobny wpis","block_context":{"text":"Podobny wpis","link":""},"img":{"alt_text":"Dualizm_7","src":"https:\/\/i0.wp.com\/web.puczat.pl\/wp\/wp-content\/uploads\/2014\/07\/Dualizm_7-300x200.jpg?resize=350%2C200&ssl=1","width":350,"height":200},"classes":[]},{"id":317,"url":"https:\/\/web.puczat.pl\/wp\/czytelnia\/evot\/kartoteka-2014-002\/","url_meta":{"origin":1386,"position":2},"title":"Zaczerpni\u0119te z EVOTu \u2013 kartoteka 2014\/002","author":"miles","date":"20 lipca 2014","format":false,"excerpt":"CHOROBA PSYCHICZNA A PYTANIA NASZYCH DZIECI. Napisane:\u00a0\u015ar sty 22, 2014 10:45 pm \" Jak sobie radzicie z rozmowami z dzie\u0107mi ? Pytanie zar\u00f3wno do os\u00f3b chorych i do partner\u00f3w. - Tato na co mama w\u0142a\u015bciwie choruje? -(sugerowana odpowied\u017a) Tato mama jest w szpitalu, dlaczego nie chcesz mnie zabra\u0107 ze sob\u0105\u2026","rel":"","context":"Podobny wpis","block_context":{"text":"Podobny wpis","link":""},"img":{"alt_text":"Bouncy Clown","src":"https:\/\/i0.wp.com\/web.puczat.pl\/wp\/wp-content\/uploads\/2014\/07\/BW_Scary_Clown-289x300.jpg?resize=350%2C200&ssl=1","width":350,"height":200},"classes":[]},{"id":239,"url":"https:\/\/web.puczat.pl\/wp\/czytelnia\/","url_meta":{"origin":1386,"position":3},"title":"Czytelnia","author":"miles","date":"16 lipca 2014","format":false,"excerpt":"Dzial zwiazany z fajnymi i ciekawymi artykulami w sieci i nie tylko na temat chor\u00f3b psychicznych. Mi\u0142ej lektury: Linki wewn\u0119trzne: Nasz spis lektur obowi\u0105zkowych Nasze kis\u0105\u017cki, o naszej chorobie, kt\u00f3re polecamy... (czytaj dalej...)\u00a0 Nasz spis film\u00f3w obowi\u0105zkowych Nasze filmy, o naszej chorobie, kt\u00f3re polecamy... (czytaj dalej...)\u00a0 Kartoteka EVOTu Historie zaczerpniete\u2026","rel":"","context":"Podobny wpis","block_context":{"text":"Podobny wpis","link":""},"img":{"alt_text":"czytelnia_naukowa","src":"https:\/\/i0.wp.com\/web.puczat.pl\/wp\/wp-content\/uploads\/2014\/07\/czytelnia_naukowa-300x199.jpg?resize=350%2C200&ssl=1","width":350,"height":200},"classes":[]},{"id":1862,"url":"https:\/\/web.puczat.pl\/wp\/czytelnia\/spis-lektur\/","url_meta":{"origin":1386,"position":4},"title":"Spis lektur obowi\u0105zkowych","author":"miles","date":"7 stycznia 2017","format":false,"excerpt":"Ksi\u0105\u017cki kt\u00f3re warto przeczyta\u0107 zwi\u0105zane z chorobami psychicznymi lub podejmuj\u0105ce tematy psychologiczne, kt\u00f3re przeczytali\u015bmy, zrecenzowali\u015bmy poni\u017cej i cz\u0119sto polecamy:","rel":"","context":"Podobny wpis","block_context":{"text":"Podobny wpis","link":""},"img":{"alt_text":"open-book","src":"https:\/\/i0.wp.com\/web.puczat.pl\/wp\/wp-content\/uploads\/2017\/01\/Open-Book-300x200.jpg?resize=350%2C200&ssl=1","width":350,"height":200},"classes":[]},{"id":4918,"url":"https:\/\/web.puczat.pl\/wp\/przewodnik-po-szpitalach\/szpital-na-sreberku-wspomnienia-pacjenta\/","url_meta":{"origin":1386,"position":5},"title":"Szpital na Sreberku \u2013 wspomnienia pacjenta","author":"miles","date":"21 stycznia 2019","format":false,"excerpt":"Wojew\u00f3dzki Szpital Psychiatryczny w Gda\u0144sku, potocznie nazywany \"Sreberkiem\" lub \"Srebrzyskiem\" to dosy\u0107 du\u017cy kompleks leczniczy. Jeszcze kilka lat temu by\u0142 jeszcze wi\u0119kszy, jednak w\u0142adze postanowi\u0142y star\u0105 cz\u0119\u015b\u0107, z\u0142o\u017cona z pi\u0119knych zabudowa\u0144 secesyjnych, postanowi\u0142y oddzieli\u0107 od Szpitala i sprzeda\u0107 prywatnym inwestorom pod nowe zabudowania deweloperskie. I tak dzisiaj mo\u017cna zamieszka\u0107 tu\u017c\u2026","rel":"","context":"Podobny wpis","block_context":{"text":"Podobny wpis","link":""},"img":{"alt_text":"","src":"https:\/\/i0.wp.com\/web.puczat.pl\/wp\/wp-content\/uploads\/2019\/01\/kraty-w-oknie.jpeg?resize=350%2C200&ssl=1","width":350,"height":200,"srcset":"https:\/\/i0.wp.com\/web.puczat.pl\/wp\/wp-content\/uploads\/2019\/01\/kraty-w-oknie.jpeg?resize=350%2C200&ssl=1 1x, https:\/\/i0.wp.com\/web.puczat.pl\/wp\/wp-content\/uploads\/2019\/01\/kraty-w-oknie.jpeg?resize=525%2C300&ssl=1 1.5x, https:\/\/i0.wp.com\/web.puczat.pl\/wp\/wp-content\/uploads\/2019\/01\/kraty-w-oknie.jpeg?resize=700%2C400&ssl=1 2x"},"classes":[]}],"jetpack_sharing_enabled":true,"_links":{"self":[{"href":"https:\/\/web.puczat.pl\/wp\/wp-json\/wp\/v2\/pages\/1386","targetHints":{"allow":["GET"]}}],"collection":[{"href":"https:\/\/web.puczat.pl\/wp\/wp-json\/wp\/v2\/pages"}],"about":[{"href":"https:\/\/web.puczat.pl\/wp\/wp-json\/wp\/v2\/types\/page"}],"author":[{"embeddable":true,"href":"https:\/\/web.puczat.pl\/wp\/wp-json\/wp\/v2\/users\/1"}],"replies":[{"embeddable":true,"href":"https:\/\/web.puczat.pl\/wp\/wp-json\/wp\/v2\/comments?post=1386"}],"version-history":[{"count":5,"href":"https:\/\/web.puczat.pl\/wp\/wp-json\/wp\/v2\/pages\/1386\/revisions"}],"predecessor-version":[{"id":2364,"href":"https:\/\/web.puczat.pl\/wp\/wp-json\/wp\/v2\/pages\/1386\/revisions\/2364"}],"up":[{"embeddable":true,"href":"https:\/\/web.puczat.pl\/wp\/wp-json\/wp\/v2\/pages\/275"}],"wp:featuredmedia":[{"embeddable":true,"href":"https:\/\/web.puczat.pl\/wp\/wp-json\/wp\/v2\/media\/2830"}],"wp:attachment":[{"href":"https:\/\/web.puczat.pl\/wp\/wp-json\/wp\/v2\/media?parent=1386"}],"curies":[{"name":"wp","href":"https:\/\/api.w.org\/{rel}","templated":true}]}}